{"id":58,"date":"2020-10-30T10:24:35","date_gmt":"2020-10-30T09:24:35","guid":{"rendered":"http:\/\/www.spirographes.net\/?page_id=58"},"modified":"2024-10-23T09:17:02","modified_gmt":"2024-10-23T07:17:02","slug":"notre-base","status":"publish","type":"page","link":"http:\/\/www.spirographes.net\/index.php\/nos-lieux-de-rendez-vous\/notre-base\/","title":{"rendered":"Notre base !"},"content":{"rendered":"<div class=\"art-postcontent clearfix\">\n<h2 style=\"text-align: center;\">Notre base (plan)<\/h2>\n<p style=\"text-align: center;\">Ca c\u2019est notre endroit \u00e0 nous\u2026 o\u00f9 on fait l\u2019entretien du mat\u00e9riel, o\u00f9 on fait aussi quelques Barbecue !<\/p>\n<h1 class=\"DUwDvf lfPIob\" style=\"text-align: center;\">Complexe Sportif Nelson Mandela<br \/>\n6 Rue Francis de Pressens\u00e9, 93210 Saint-Denis<\/h1>\n<p><a href=\"https:\/\/www.google.com\/maps\/place\/Complexe+Sportif+Nelson+Mandela\/@48.9182591,2.3591083,257m\/data=!3m1!1e3!4m6!3m5!1s0x47e66ea331cd792b:0x6f02dd5648779587!8m2!3d48.9180793!4d2.3593223!16s%2Fg%2F12hkwj5lf?hl=fr&amp;entry=ttu&amp;g_ep=EgoyMDI0MTAyMC4xIKXMDSoASAFQAw%3D%3D\"><img loading=\"lazy\" decoding=\"async\" class=\" wp-image-257 aligncenter\" src=\"http:\/\/www.spirographes.net\/wp-content\/uploads\/2024\/10\/Base-St-Denis.png\" alt=\"\" width=\"509\" height=\"338\" srcset=\"http:\/\/www.spirographes.net\/wp-content\/uploads\/2024\/10\/Base-St-Denis.png 838w, http:\/\/www.spirographes.net\/wp-content\/uploads\/2024\/10\/Base-St-Denis-300x199.png 300w, http:\/\/www.spirographes.net\/wp-content\/uploads\/2024\/10\/Base-St-Denis-768x510.png 768w\" sizes=\"auto, (max-width: 509px) 100vw, 509px\" \/><\/a><\/p>\n<\/div>\n<p>&nbsp;<\/p>\n<p style=\"text-align: center;\">Un peu de suspense, vous aurez tout loisir, une fois licenci\u00e9 du club,\u00a0 de d\u00e9couvrir ce lieu myst\u00e9rieux et participer aux \u00e9v\u00e8nements qui s&rsquo;y d\u00e9roule.<\/p>\n","protected":false},"excerpt":{"rendered":"<p>Notre base (plan) Ca c\u2019est notre endroit \u00e0 nous\u2026 o\u00f9 on fait l\u2019entretien du mat\u00e9riel, o\u00f9 on fait aussi quelques Barbecue ! Complexe Sportif Nelson Mandela 6 Rue Francis de Pressens\u00e9, 93210 Saint-Denis &nbsp; Un peu de suspense, vous aurez tout loisir, une fois licenci\u00e9 du club,\u00a0 de d\u00e9couvrir ce lieu myst\u00e9rieux et participer aux [&hellip;]<\/p>\n","protected":false},"author":1,"featured_media":0,"parent":50,"menu_order":2,"comment_status":"closed","ping_status":"closed","template":"","meta":{"footnotes":""},"class_list":["post-58","page","type-page","status-publish","hentry"],"_links":{"self":[{"href":"http:\/\/www.spirographes.net\/index.php\/wp-json\/wp\/v2\/pages\/58","targetHints":{"allow":["GET"]}}],"collection":[{"href":"http:\/\/www.spirographes.net\/index.php\/wp-json\/wp\/v2\/pages"}],"about":[{"href":"http:\/\/www.spirographes.net\/index.php\/wp-json\/wp\/v2\/types\/page"}],"author":[{"embeddable":true,"href":"http:\/\/www.spirographes.net\/index.php\/wp-json\/wp\/v2\/users\/1"}],"replies":[{"embeddable":true,"href":"http:\/\/www.spirographes.net\/index.php\/wp-json\/wp\/v2\/comments?post=58"}],"version-history":[{"count":7,"href":"http:\/\/www.spirographes.net\/index.php\/wp-json\/wp\/v2\/pages\/58\/revisions"}],"predecessor-version":[{"id":258,"href":"http:\/\/www.spirographes.net\/index.php\/wp-json\/wp\/v2\/pages\/58\/revisions\/258"}],"up":[{"embeddable":true,"href":"http:\/\/www.spirographes.net\/index.php\/wp-json\/wp\/v2\/pages\/50"}],"wp:attachment":[{"href":"http:\/\/www.spirographes.net\/index.php\/wp-json\/wp\/v2\/media?parent=58"}],"curies":[{"name":"wp","href":"https:\/\/api.w.org\/{rel}","templated":true}]}}